{"id":302,"date":"2026-03-09T18:14:34","date_gmt":"2026-03-09T18:14:34","guid":{"rendered":"https:\/\/fleurons.cryodragon.pro\/?page_id=302"},"modified":"2026-03-31T03:03:03","modified_gmt":"2026-03-31T03:03:03","slug":"contact","status":"publish","type":"page","link":"https:\/\/fleurons.quebec\/en\/contact\/","title":{"rendered":"Contact"},"content":{"rendered":"\t\t<div data-elementor-type=\"wp-page\" data-elementor-id=\"302\" class=\"elementor elementor-302\" data-elementor-post-type=\"page\">\n\t\t\t\t<div class=\"elementor-element elementor-element-e1e1266 e-con-full e-flex e-con e-parent\" data-id=\"e1e1266\" data-element_type=\"container\" data-e-type=\"container\" data-settings=\"{&quot;background_background&quot;:&quot;classic&quot;}\">\n\t\t<div class=\"elementor-element elementor-element-22e99d41 e-con-full e-flex e-con e-child\" data-id=\"22e99d41\" data-element_type=\"container\" data-e-type=\"container\">\n\t\t\t\t<div class=\"elementor-element elementor-element-1ba21d9 elementor-widget elementor-widget-heading\" data-id=\"1ba21d9\" data-element_type=\"widget\" data-e-type=\"widget\" data-widget_type=\"heading.default\">\n\t\t\t\t\t<h1 class=\"elementor-heading-title elementor-size-default\">Contact Fleurons<\/h1>\t\t\t\t<\/div>\n\t\t\t\t<\/div>\n\t\t\t\t<\/div>\n\t\t<div class=\"elementor-element elementor-element-52001e66 e-con-full e-flex e-con e-parent\" data-id=\"52001e66\" data-element_type=\"container\" data-e-type=\"container\">\n\t\t<div class=\"elementor-element elementor-element-7d6b854e e-con-full e-flex e-con e-child\" data-id=\"7d6b854e\" data-element_type=\"container\" data-e-type=\"container\">\n\t\t\t\t<div class=\"elementor-element elementor-element-12f72d18 elementor-widget elementor-widget-text-editor\" data-id=\"12f72d18\" data-element_type=\"widget\" data-e-type=\"widget\" data-widget_type=\"text-editor.default\">\n\t\t\t\t\t\t\t\t\t<p>At Fleurons, we are proud to create cannabis products rooted in Quebec craftsmanship, culture, and quality. Whether you have a question about our products, want to learn more about our collections, or are looking for information about availability through the <a href=\"https:\/\/www.sqdc.ca\/fr-CA\/Rechercher?keywords=Fleurons\" target=\"_blank\" rel=\"noopener\">Soci\u00e9t\u00e9 qu\u00e9b\u00e9coise du cannabis (SQDC)<\/a>, our team is here to help.<\/p><p>We welcome inquiries from consumers, partners, retailers, and media. If you need assistance or would like to learn more about Fleurons, please reach out using the information below or by completing the contact form.<\/p>\t\t\t\t\t\t\t\t<\/div>\n\t\t\t\t<\/div>\n\t\t\t\t<\/div>\n\t\t<div class=\"elementor-element elementor-element-379b243a e-con-full e-flex e-con e-parent\" data-id=\"379b243a\" data-element_type=\"container\" data-e-type=\"container\">\n\t\t<div class=\"elementor-element elementor-element-2da83dd9 e-con-full e-flex e-con e-child\" data-id=\"2da83dd9\" data-element_type=\"container\" data-e-type=\"container\">\n\t\t\t\t<div class=\"elementor-element elementor-element-d73abe0 elementor-widget elementor-widget-heading\" data-id=\"d73abe0\" data-element_type=\"widget\" data-e-type=\"widget\" data-widget_type=\"heading.default\">\n\t\t\t\t\t<h2 class=\"elementor-heading-title elementor-size-default\">Send Us a Message<\/h2>\t\t\t\t<\/div>\n\t\t\t\t<\/div>\n\t\t<div class=\"elementor-element elementor-element-158fcdaa e-con-full e-flex e-con e-child\" data-id=\"158fcdaa\" data-element_type=\"container\" data-e-type=\"container\">\n\t\t\t\t<div class=\"elementor-element elementor-element-16e312e8 elementor-widget elementor-widget-text-editor\" data-id=\"16e312e8\" data-element_type=\"widget\" data-e-type=\"widget\" data-widget_type=\"text-editor.default\">\n\t\t\t\t\t\t\t\t\t<style id=\"wpforms-css-vars-731\">\n\t\t\t\t#wpforms-731 {\n\t\t\t\t--wpforms-field-border-color: rgba(0, 0, 0, 0.25);\n--wpforms-field-border-color-spare: rgba(0, 0, 0, 0.25);\n--wpforms-field-text-color: rgba(0, 0, 0, 0.7);\n--wpforms-label-color: rgba(0, 0, 0, 0.85);\n--wpforms-label-sublabel-color: rgba(0, 0, 0, 0.55);\n--wpforms-button-background-color: #65AFB0;\n--wpforms-container-padding: 0px;\n--wpforms-container-border-width: 1px;\n--wpforms-container-border-radius: 3px;\n--wpforms-background-color: rgba(0, 0, 0, 0);\n--wpforms-field-size-input-height: 43px;\n--wpforms-field-size-input-spacing: 15px;\n--wpforms-field-size-font-size: 16px;\n--wpforms-field-size-line-height: 19px;\n--wpforms-field-size-padding-h: 14px;\n--wpforms-field-size-checkbox-size: 16px;\n--wpforms-field-size-sublabel-spacing: 5px;\n--wpforms-field-size-icon-size: 1;\n--wpforms-label-size-font-size: 16px;\n--wpforms-label-size-line-height: 19px;\n--wpforms-label-size-sublabel-font-size: 14px;\n--wpforms-label-size-sublabel-line-height: 17px;\n--wpforms-button-size-font-size: 17px;\n--wpforms-button-size-height: 41px;\n--wpforms-button-size-padding-h: 15px;\n--wpforms-button-size-margin-top: 10px;\n--wpforms-container-shadow-size-box-shadow: none;\n\t\t\t}\n\t\t\t<\/style><div class=\"wpforms-container wpforms-container-full wpforms-render-modern\" id=\"wpforms-731\"><form id=\"wpforms-form-731\" class=\"wpforms-validate wpforms-form wpforms-ajax-form\" data-formid=\"731\" method=\"post\" enctype=\"multipart\/form-data\" action=\"\/en\/wp-json\/wp\/v2\/pages\/302\" data-token=\"5ab47e5fb8ef66d300bec4d9330ba8e6\" data-token-time=\"1777658847\"><noscript class=\"wpforms-error-noscript\">Please enable JavaScript in your browser to complete this form.<\/noscript><div id=\"wpforms-error-noscript\" style=\"display: none;\">Please enable JavaScript in your browser to complete this form.<\/div><div class=\"wpforms-field-container\">\t\t<div id=\"wpforms-731-field_5-container\"\n\t\t\tclass=\"wpforms-field wpforms-field-text\"\n\t\t\tdata-field-type=\"text\"\n\t\t\tdata-field-id=\"5\"\n\t\t\t>\n\t\t\t<label class=\"wpforms-field-label\" for=\"wpforms-731-field_5\" >you? What Email<\/label>\n\t\t\t<input type=\"text\" id=\"wpforms-731-field_5\" class=\"wpforms-field-medium\" name=\"wpforms[fields][5]\" >\n\t\t<\/div>\n\t\t<div id=\"wpforms-731-field_1-container\" class=\"wpforms-field wpforms-field-name\" data-field-id=\"1\"><label class=\"wpforms-field-label\" for=\"wpforms-731-field_1\">Full Name <span class=\"wpforms-required-label\" aria-hidden=\"true\">*<\/span><\/label><input type=\"text\" id=\"wpforms-731-field_1\" class=\"wpforms-field-medium wpforms-field-required\" name=\"wpforms[fields][1]\" aria-errormessage=\"wpforms-731-field_1-error\" required><\/div><div id=\"wpforms-731-field_2-container\" class=\"wpforms-field wpforms-field-email\" data-field-id=\"2\"><label class=\"wpforms-field-label\" for=\"wpforms-731-field_2\">Email <span class=\"wpforms-required-label\" aria-hidden=\"true\">*<\/span><\/label><input type=\"email\" id=\"wpforms-731-field_2\" class=\"wpforms-field-medium wpforms-field-required\" name=\"wpforms[fields][2]\" spellcheck=\"false\" aria-errormessage=\"wpforms-731-field_2-error\" required><\/div><div id=\"wpforms-731-field_4-container\" class=\"wpforms-field wpforms-field-select wpforms-field-select-style-classic\" data-field-id=\"4\"><label class=\"wpforms-field-label\" for=\"wpforms-731-field_4\">What best describes you? <span class=\"wpforms-required-label\" aria-hidden=\"true\">*<\/span><\/label><select id=\"wpforms-731-field_4\" class=\"wpforms-field-medium wpforms-field-required\" name=\"wpforms[fields][4]\" required=\"required\"><option value=\"\" class=\"placeholder\" disabled  selected='selected'>&#8212; Select Choice &#8212;<\/option><option value=\"B2B Partner\"  class=\"choice-1 depth-1\"  >B2B Partner<\/option><option value=\"Consumer\"  class=\"choice-2 depth-1\"  >Consumer<\/option><option value=\"Investor\"  class=\"choice-3 depth-1\"  >Investor<\/option><option value=\"Retailer\"  class=\"choice-4 depth-1\"  >Retailer<\/option><\/select><\/div><div id=\"wpforms-731-field_3-container\" class=\"wpforms-field wpforms-field-textarea\" data-field-id=\"3\"><label class=\"wpforms-field-label\" for=\"wpforms-731-field_3\">Message <span class=\"wpforms-required-label\" aria-hidden=\"true\">*<\/span><\/label><textarea id=\"wpforms-731-field_3\" class=\"wpforms-field-medium wpforms-field-required\" name=\"wpforms[fields][3]\" aria-errormessage=\"wpforms-731-field_3-error\" required><\/textarea><\/div><script>\n\t\t\t\t( function() {\n\t\t\t\t\tconst style = document.createElement( 'style' );\n\t\t\t\t\tstyle.appendChild( document.createTextNode( '#wpforms-731-field_5-container { position: absolute !important; overflow: hidden !important; display: inline !important; height: 1px !important; width: 1px !important; z-index: -1000 !important; padding: 0 !important; } #wpforms-731-field_5-container input { visibility: hidden; } #wpforms-conversational-form-page #wpforms-731-field_5-container label { counter-increment: none; }' ) );\n\t\t\t\t\tdocument.head.appendChild( style );\n\t\t\t\t\tdocument.currentScript?.remove();\n\t\t\t\t} )();\n\t\t\t<\/script><\/div><!-- .wpforms-field-container --><div class=\"wpforms-submit-container\" ><input type=\"hidden\" name=\"wpforms[id]\" value=\"731\"><input type=\"hidden\" name=\"page_title\" value=\"\"><input type=\"hidden\" name=\"page_url\" value=\"https:\/\/fleurons.quebec\/en\/wp-json\/wp\/v2\/pages\/302\"><input type=\"hidden\" name=\"url_referer\" value=\"\"><button type=\"submit\" name=\"wpforms[submit]\" id=\"wpforms-submit-731\" class=\"wpforms-submit\" data-alt-text=\"Sending...\" data-submit-text=\"Submit\" aria-live=\"assertive\" value=\"wpforms-submit\">Submit<\/button><img decoding=\"async\" src=\"https:\/\/fleurons.quebec\/wp-content\/plugins\/wpforms-lite\/assets\/images\/submit-spin.svg\" class=\"wpforms-submit-spinner\" style=\"display: none;\" width=\"26\" height=\"26\" alt=\"Loading\"><\/div><\/form><\/div>  <!-- .wpforms-container -->\t\t\t\t\t\t\t\t<\/div>\n\t\t\t\t<\/div>\n\t\t\t\t<\/div>\n\t\t\t\t<\/div>\n\t\t","protected":false},"excerpt":{"rendered":"<p>Contact Fleurons At Fleurons, we are proud to create cannabis products rooted in Quebec craftsmanship, culture, and quality. Whether you have a question about our products, want to learn more about our collections, or are looking for information about availability through the Soci\u00e9t\u00e9 qu\u00e9b\u00e9coise du cannabis (SQDC), our team is here to help. We welcome [&hellip;]<\/p>\n","protected":false},"author":1,"featured_media":0,"parent":0,"menu_order":0,"comment_status":"closed","ping_status":"closed","template":"","meta":{"_monsterinsights_skip_tracking":false,"_monsterinsights_sitenote_active":false,"_monsterinsights_sitenote_note":"","_monsterinsights_sitenote_category":0,"footnotes":""},"class_list":["post-302","page","type-page","status-publish","hentry"],"yoast_head":"<!-- This site is optimized with the Yoast SEO plugin v27.4 - https:\/\/yoast.com\/product\/yoast-seo-wordpress\/ -->\n<title>Contact - Fleurons<\/title>\n<meta name=\"robots\" content=\"index, follow, max-snippet:-1, max-image-preview:large, max-video-preview:-1\" \/>\n<link rel=\"canonical\" href=\"https:\/\/fleurons.quebec\/en\/contact\/\" \/>\n<meta property=\"og:locale\" content=\"en_US\" \/>\n<meta property=\"og:type\" content=\"article\" \/>\n<meta property=\"og:title\" content=\"Contact - Fleurons\" \/>\n<meta property=\"og:description\" content=\"Contact Fleurons At Fleurons, we are proud to create cannabis products rooted in Quebec craftsmanship, culture, and quality. Whether you have a question about our products, want to learn more about our collections, or are looking for information about availability through the Soci\u00e9t\u00e9 qu\u00e9b\u00e9coise du cannabis (SQDC), our team is here to help. We welcome [&hellip;]\" \/>\n<meta property=\"og:url\" content=\"https:\/\/fleurons.quebec\/en\/contact\/\" \/>\n<meta property=\"og:site_name\" content=\"Fleurons\" \/>\n<meta property=\"article:publisher\" content=\"https:\/\/www.facebook.com\/fleuronsC3\" \/>\n<meta property=\"article:modified_time\" content=\"2026-03-31T03:03:03+00:00\" \/>\n<meta name=\"twitter:card\" content=\"summary_large_image\" \/>\n<meta name=\"twitter:label1\" content=\"Est. reading time\" \/>\n\t<meta name=\"twitter:data1\" content=\"1 minute\" \/>\n<script type=\"application\/ld+json\" class=\"yoast-schema-graph\">{\"@context\":\"https:\\\/\\\/schema.org\",\"@graph\":[{\"@type\":\"WebPage\",\"@id\":\"https:\\\/\\\/fleurons.quebec\\\/en\\\/contact\\\/\",\"url\":\"https:\\\/\\\/fleurons.quebec\\\/en\\\/contact\\\/\",\"name\":\"Contact - Fleurons\",\"isPartOf\":{\"@id\":\"https:\\\/\\\/fleurons.quebec\\\/en\\\/#website\"},\"datePublished\":\"2026-03-09T18:14:34+00:00\",\"dateModified\":\"2026-03-31T03:03:03+00:00\",\"breadcrumb\":{\"@id\":\"https:\\\/\\\/fleurons.quebec\\\/en\\\/contact\\\/#breadcrumb\"},\"inLanguage\":\"en-US\",\"potentialAction\":[{\"@type\":\"ReadAction\",\"target\":[\"https:\\\/\\\/fleurons.quebec\\\/en\\\/contact\\\/\"]}]},{\"@type\":\"BreadcrumbList\",\"@id\":\"https:\\\/\\\/fleurons.quebec\\\/en\\\/contact\\\/#breadcrumb\",\"itemListElement\":[{\"@type\":\"ListItem\",\"position\":1,\"name\":\"Home\",\"item\":\"https:\\\/\\\/fleurons.quebec\\\/en\\\/\"},{\"@type\":\"ListItem\",\"position\":2,\"name\":\"Contact\"}]},{\"@type\":\"WebSite\",\"@id\":\"https:\\\/\\\/fleurons.quebec\\\/en\\\/#website\",\"url\":\"https:\\\/\\\/fleurons.quebec\\\/en\\\/\",\"name\":\"Fleurons\",\"description\":\"Cultiv&eacute; fi&egrave;rement au Qu&eacute;bec\",\"publisher\":{\"@id\":\"https:\\\/\\\/fleurons.quebec\\\/en\\\/#organization\"},\"potentialAction\":[{\"@type\":\"SearchAction\",\"target\":{\"@type\":\"EntryPoint\",\"urlTemplate\":\"https:\\\/\\\/fleurons.quebec\\\/en\\\/?s={search_term_string}\"},\"query-input\":{\"@type\":\"PropertyValueSpecification\",\"valueRequired\":true,\"valueName\":\"search_term_string\"}}],\"inLanguage\":\"en-US\"},{\"@type\":\"Organization\",\"@id\":\"https:\\\/\\\/fleurons.quebec\\\/en\\\/#organization\",\"name\":\"Fleurons\",\"url\":\"https:\\\/\\\/fleurons.quebec\\\/en\\\/\",\"logo\":{\"@type\":\"ImageObject\",\"inLanguage\":\"en-US\",\"@id\":\"https:\\\/\\\/fleurons.quebec\\\/en\\\/#\\\/schema\\\/logo\\\/image\\\/\",\"url\":\"https:\\\/\\\/fleurons.cryodragon.pro\\\/wp-content\\\/uploads\\\/2026\\\/02\\\/Fleurons_Logo_Teal-1-scaled.png\",\"contentUrl\":\"https:\\\/\\\/fleurons.cryodragon.pro\\\/wp-content\\\/uploads\\\/2026\\\/02\\\/Fleurons_Logo_Teal-1-scaled.png\",\"width\":2560,\"height\":616,\"caption\":\"Fleurons\"},\"image\":{\"@id\":\"https:\\\/\\\/fleurons.quebec\\\/en\\\/#\\\/schema\\\/logo\\\/image\\\/\"},\"sameAs\":[\"https:\\\/\\\/www.facebook.com\\\/fleuronsC3\",\"https:\\\/\\\/instagram.com\\\/fleurons.qc\"]}]}<\/script>\n<!-- \/ Yoast SEO plugin. -->","yoast_head_json":{"title":"Contact - Fleurons","robots":{"index":"index","follow":"follow","max-snippet":"max-snippet:-1","max-image-preview":"max-image-preview:large","max-video-preview":"max-video-preview:-1"},"canonical":"https:\/\/fleurons.quebec\/en\/contact\/","og_locale":"en_US","og_type":"article","og_title":"Contact - Fleurons","og_description":"Contact Fleurons At Fleurons, we are proud to create cannabis products rooted in Quebec craftsmanship, culture, and quality. Whether you have a question about our products, want to learn more about our collections, or are looking for information about availability through the Soci\u00e9t\u00e9 qu\u00e9b\u00e9coise du cannabis (SQDC), our team is here to help. We welcome [&hellip;]","og_url":"https:\/\/fleurons.quebec\/en\/contact\/","og_site_name":"Fleurons","article_publisher":"https:\/\/www.facebook.com\/fleuronsC3","article_modified_time":"2026-03-31T03:03:03+00:00","twitter_card":"summary_large_image","twitter_misc":{"Est. reading time":"1 minute"},"schema":{"@context":"https:\/\/schema.org","@graph":[{"@type":"WebPage","@id":"https:\/\/fleurons.quebec\/en\/contact\/","url":"https:\/\/fleurons.quebec\/en\/contact\/","name":"Contact - Fleurons","isPartOf":{"@id":"https:\/\/fleurons.quebec\/en\/#website"},"datePublished":"2026-03-09T18:14:34+00:00","dateModified":"2026-03-31T03:03:03+00:00","breadcrumb":{"@id":"https:\/\/fleurons.quebec\/en\/contact\/#breadcrumb"},"inLanguage":"en-US","potentialAction":[{"@type":"ReadAction","target":["https:\/\/fleurons.quebec\/en\/contact\/"]}]},{"@type":"BreadcrumbList","@id":"https:\/\/fleurons.quebec\/en\/contact\/#breadcrumb","itemListElement":[{"@type":"ListItem","position":1,"name":"Home","item":"https:\/\/fleurons.quebec\/en\/"},{"@type":"ListItem","position":2,"name":"Contact"}]},{"@type":"WebSite","@id":"https:\/\/fleurons.quebec\/en\/#website","url":"https:\/\/fleurons.quebec\/en\/","name":"Fleurons","description":"Cultiv&eacute; fi&egrave;rement au Qu&eacute;bec","publisher":{"@id":"https:\/\/fleurons.quebec\/en\/#organization"},"potentialAction":[{"@type":"SearchAction","target":{"@type":"EntryPoint","urlTemplate":"https:\/\/fleurons.quebec\/en\/?s={search_term_string}"},"query-input":{"@type":"PropertyValueSpecification","valueRequired":true,"valueName":"search_term_string"}}],"inLanguage":"en-US"},{"@type":"Organization","@id":"https:\/\/fleurons.quebec\/en\/#organization","name":"Fleurons","url":"https:\/\/fleurons.quebec\/en\/","logo":{"@type":"ImageObject","inLanguage":"en-US","@id":"https:\/\/fleurons.quebec\/en\/#\/schema\/logo\/image\/","url":"https:\/\/fleurons.cryodragon.pro\/wp-content\/uploads\/2026\/02\/Fleurons_Logo_Teal-1-scaled.png","contentUrl":"https:\/\/fleurons.cryodragon.pro\/wp-content\/uploads\/2026\/02\/Fleurons_Logo_Teal-1-scaled.png","width":2560,"height":616,"caption":"Fleurons"},"image":{"@id":"https:\/\/fleurons.quebec\/en\/#\/schema\/logo\/image\/"},"sameAs":["https:\/\/www.facebook.com\/fleuronsC3","https:\/\/instagram.com\/fleurons.qc"]}]}},"_links":{"self":[{"href":"https:\/\/fleurons.quebec\/en\/wp-json\/wp\/v2\/pages\/302","targetHints":{"allow":["GET"]}}],"collection":[{"href":"https:\/\/fleurons.quebec\/en\/wp-json\/wp\/v2\/pages"}],"about":[{"href":"https:\/\/fleurons.quebec\/en\/wp-json\/wp\/v2\/types\/page"}],"author":[{"embeddable":true,"href":"https:\/\/fleurons.quebec\/en\/wp-json\/wp\/v2\/users\/1"}],"replies":[{"embeddable":true,"href":"https:\/\/fleurons.quebec\/en\/wp-json\/wp\/v2\/comments?post=302"}],"version-history":[{"count":20,"href":"https:\/\/fleurons.quebec\/en\/wp-json\/wp\/v2\/pages\/302\/revisions"}],"predecessor-version":[{"id":743,"href":"https:\/\/fleurons.quebec\/en\/wp-json\/wp\/v2\/pages\/302\/revisions\/743"}],"wp:attachment":[{"href":"https:\/\/fleurons.quebec\/en\/wp-json\/wp\/v2\/media?parent=302"}],"curies":[{"name":"wp","href":"https:\/\/api.w.org\/{rel}","templated":true}]}}