{"id":294,"date":"2026-03-09T18:14:15","date_gmt":"2026-03-09T18:14:15","guid":{"rendered":"https:\/\/fleurons.cryodragon.pro\/?page_id=294"},"modified":"2026-03-23T01:37:31","modified_gmt":"2026-03-23T01:37:31","slug":"retailers","status":"publish","type":"page","link":"https:\/\/fleurons.quebec\/en\/retailers\/","title":{"rendered":"Retailers"},"content":{"rendered":"\t\t<div data-elementor-type=\"wp-page\" data-elementor-id=\"294\" class=\"elementor elementor-294\" data-elementor-post-type=\"page\">\n\t\t\t\t<div class=\"elementor-element elementor-element-74c9d7d4 e-con-full e-flex e-con e-parent\" data-id=\"74c9d7d4\" data-element_type=\"container\" data-e-type=\"container\" data-settings=\"{&quot;background_background&quot;:&quot;classic&quot;}\">\n\t\t<div class=\"elementor-element elementor-element-1ca47470 e-con-full e-flex e-con e-child\" data-id=\"1ca47470\" data-element_type=\"container\" data-e-type=\"container\">\n\t\t\t\t<div class=\"elementor-element elementor-element-32221c5 elementor-widget elementor-widget-heading\" data-id=\"32221c5\" data-element_type=\"widget\" data-e-type=\"widget\" data-widget_type=\"heading.default\">\n\t\t\t\t\t<h1 class=\"elementor-heading-title elementor-size-default\">Fleurons Retailers<\/h1>\t\t\t\t<\/div>\n\t\t\t\t<\/div>\n\t\t\t\t<\/div>\n\t\t<div class=\"elementor-element elementor-element-98c36c8 e-con-full e-flex e-con e-parent\" data-id=\"98c36c8\" data-element_type=\"container\" data-e-type=\"container\">\n\t\t<div class=\"elementor-element elementor-element-275d543e e-con-full e-flex e-con e-child\" data-id=\"275d543e\" data-element_type=\"container\" data-e-type=\"container\">\n\t\t\t\t<div class=\"elementor-element elementor-element-5806a5d7 elementor-widget elementor-widget-heading\" data-id=\"5806a5d7\" data-element_type=\"widget\" data-e-type=\"widget\" data-widget_type=\"heading.default\">\n\t\t\t\t\t<h2 class=\"elementor-heading-title elementor-size-default\">Find Fleurons at SQDC<\/h2>\t\t\t\t<\/div>\n\t\t\t\t<div class=\"elementor-element elementor-element-4dc78f79 elementor-widget elementor-widget-text-editor\" data-id=\"4dc78f79\" data-element_type=\"widget\" data-e-type=\"widget\" data-widget_type=\"text-editor.default\">\n\t\t\t\t\t\t\t\t\t<p data-start=\"251\" data-end=\"540\">Fleurons products are available through the provincial retail network operated by the <span class=\"hover:entity-accent entity-underline inline cursor-pointer align-baseline\"><span class=\"whitespace-normal\">Soci\u00e9t\u00e9 qu\u00e9b\u00e9coise du cannabis<\/span><\/span> (SQDC). As Quebec\u2019s official cannabis retailer, the SQDC provides consumers with access to a curated selection of high-quality cannabis products across the province.<\/p><p data-start=\"542\" data-end=\"738\">Our collections \u2014 including dried flower, hash, pre-rolls, 510 vape cartridges, CBD oil tinctures, and THC sublingual strips \u2014 are available through the <a href=\"https:\/\/www.sqdc.ca\/fr-CA\/Rechercher?keywords=Fleurons\" target=\"_blank\" rel=\"noopener\">SQDC\u2019s online store<\/a> and <a href=\"https:\/\/www.sqdc.ca\/fr-CA\/Magasins\" target=\"_blank\" rel=\"noopener\">physical locations<\/a>.<\/p><p data-start=\"740\" data-end=\"935\">Whether you are looking for <strong data-start=\"768\" data-end=\"852\">Menu Cantine, Menu Dessert, M\u00e9chant P\u00e9tard, or Nuit du Maroc<\/strong>, you can explore the latest Fleurons offerings directly through the SQDC platform.<\/p>\t\t\t\t\t\t\t\t<\/div>\n\t\t<div class=\"elementor-element elementor-element-b4c3fb7 e-con-full e-flex e-con e-child\" data-id=\"b4c3fb7\" data-element_type=\"container\" data-e-type=\"container\">\n\t\t\t\t<div class=\"elementor-element elementor-element-3fd3204 elementor-align-left elementor-widget elementor-widget-button\" data-id=\"3fd3204\" data-element_type=\"widget\" data-e-type=\"widget\" data-widget_type=\"button.default\">\n\t\t\t\t\t\t\t\t\t\t<a class=\"elementor-button elementor-button-link elementor-size-sm\" href=\"https:\/\/www.sqdc.ca\/fr-CA\/Rechercher?keywords=Fleurons\" target=\"_blank\">\n\t\t\t\t\t\t<span class=\"elementor-button-content-wrapper\">\n\t\t\t\t\t\t\t\t\t<span class=\"elementor-button-text\">Buy Our Products at SQDC<\/span>\n\t\t\t\t\t<\/span>\n\t\t\t\t\t<\/a>\n\t\t\t\t\t\t\t\t<\/div>\n\t\t\t\t<div class=\"elementor-element elementor-element-19d9a1c elementor-align-left elementor-widget elementor-widget-button\" data-id=\"19d9a1c\" data-element_type=\"widget\" data-e-type=\"widget\" data-widget_type=\"button.default\">\n\t\t\t\t\t\t\t\t\t\t<a class=\"elementor-button elementor-button-link elementor-size-sm\" href=\"https:\/\/www.sqdc.ca\/fr-CA\/Magasins\" target=\"_blank\">\n\t\t\t\t\t\t<span class=\"elementor-button-content-wrapper\">\n\t\t\t\t\t\t\t\t\t<span class=\"elementor-button-text\">Find a Store Near You<\/span>\n\t\t\t\t\t<\/span>\n\t\t\t\t\t<\/a>\n\t\t\t\t\t\t\t\t<\/div>\n\t\t\t\t<\/div>\n\t\t\t\t<\/div>\n\t\t\t\t<\/div>\n\t\t\t\t<\/div>\n\t\t","protected":false},"excerpt":{"rendered":"<p>Fleurons Retailers Find Fleurons at SQDC Fleurons products are available through the provincial retail network operated by the Soci\u00e9t\u00e9 qu\u00e9b\u00e9coise du cannabis (SQDC). As Quebec\u2019s official cannabis retailer, the SQDC provides consumers with access to a curated selection of high-quality cannabis products across the province. Our collections \u2014 including dried flower, hash, pre-rolls, 510 vape [&hellip;]<\/p>\n","protected":false},"author":1,"featured_media":0,"parent":0,"menu_order":0,"comment_status":"closed","ping_status":"closed","template":"","meta":{"_monsterinsights_skip_tracking":false,"_monsterinsights_sitenote_active":false,"_monsterinsights_sitenote_note":"","_monsterinsights_sitenote_category":0,"footnotes":""},"class_list":["post-294","page","type-page","status-publish","hentry"],"yoast_head":"<!-- This site is optimized with the Yoast SEO plugin v27.4 - https:\/\/yoast.com\/product\/yoast-seo-wordpress\/ -->\n<title>Retailers - Fleurons<\/title>\n<meta name=\"robots\" content=\"index, follow, max-snippet:-1, max-image-preview:large, max-video-preview:-1\" \/>\n<link rel=\"canonical\" href=\"https:\/\/fleurons.quebec\/en\/retailers\/\" \/>\n<meta property=\"og:locale\" content=\"en_US\" \/>\n<meta property=\"og:type\" content=\"article\" \/>\n<meta property=\"og:title\" content=\"Retailers - Fleurons\" \/>\n<meta property=\"og:description\" content=\"Fleurons Retailers Find Fleurons at SQDC Fleurons products are available through the provincial retail network operated by the Soci\u00e9t\u00e9 qu\u00e9b\u00e9coise du cannabis (SQDC). As Quebec\u2019s official cannabis retailer, the SQDC provides consumers with access to a curated selection of high-quality cannabis products across the province. Our collections \u2014 including dried flower, hash, pre-rolls, 510 vape [&hellip;]\" \/>\n<meta property=\"og:url\" content=\"https:\/\/fleurons.quebec\/en\/retailers\/\" \/>\n<meta property=\"og:site_name\" content=\"Fleurons\" \/>\n<meta property=\"article:publisher\" content=\"https:\/\/www.facebook.com\/fleuronsC3\" \/>\n<meta property=\"article:modified_time\" content=\"2026-03-23T01:37:31+00:00\" \/>\n<meta name=\"twitter:card\" content=\"summary_large_image\" \/>\n<meta name=\"twitter:label1\" content=\"Est. reading time\" \/>\n\t<meta name=\"twitter:data1\" content=\"1 minute\" \/>\n<script type=\"application\/ld+json\" class=\"yoast-schema-graph\">{\"@context\":\"https:\\\/\\\/schema.org\",\"@graph\":[{\"@type\":\"WebPage\",\"@id\":\"https:\\\/\\\/fleurons.quebec\\\/en\\\/retailers\\\/\",\"url\":\"https:\\\/\\\/fleurons.quebec\\\/en\\\/retailers\\\/\",\"name\":\"Retailers - Fleurons\",\"isPartOf\":{\"@id\":\"https:\\\/\\\/fleurons.quebec\\\/en\\\/#website\"},\"datePublished\":\"2026-03-09T18:14:15+00:00\",\"dateModified\":\"2026-03-23T01:37:31+00:00\",\"breadcrumb\":{\"@id\":\"https:\\\/\\\/fleurons.quebec\\\/en\\\/retailers\\\/#breadcrumb\"},\"inLanguage\":\"en-US\",\"potentialAction\":[{\"@type\":\"ReadAction\",\"target\":[\"https:\\\/\\\/fleurons.quebec\\\/en\\\/retailers\\\/\"]}]},{\"@type\":\"BreadcrumbList\",\"@id\":\"https:\\\/\\\/fleurons.quebec\\\/en\\\/retailers\\\/#breadcrumb\",\"itemListElement\":[{\"@type\":\"ListItem\",\"position\":1,\"name\":\"Home\",\"item\":\"https:\\\/\\\/fleurons.quebec\\\/en\\\/\"},{\"@type\":\"ListItem\",\"position\":2,\"name\":\"Retailers\"}]},{\"@type\":\"WebSite\",\"@id\":\"https:\\\/\\\/fleurons.quebec\\\/en\\\/#website\",\"url\":\"https:\\\/\\\/fleurons.quebec\\\/en\\\/\",\"name\":\"Fleurons\",\"description\":\"Cultiv&eacute; fi&egrave;rement au Qu&eacute;bec\",\"publisher\":{\"@id\":\"https:\\\/\\\/fleurons.quebec\\\/en\\\/#organization\"},\"potentialAction\":[{\"@type\":\"SearchAction\",\"target\":{\"@type\":\"EntryPoint\",\"urlTemplate\":\"https:\\\/\\\/fleurons.quebec\\\/en\\\/?s={search_term_string}\"},\"query-input\":{\"@type\":\"PropertyValueSpecification\",\"valueRequired\":true,\"valueName\":\"search_term_string\"}}],\"inLanguage\":\"en-US\"},{\"@type\":\"Organization\",\"@id\":\"https:\\\/\\\/fleurons.quebec\\\/en\\\/#organization\",\"name\":\"Fleurons\",\"url\":\"https:\\\/\\\/fleurons.quebec\\\/en\\\/\",\"logo\":{\"@type\":\"ImageObject\",\"inLanguage\":\"en-US\",\"@id\":\"https:\\\/\\\/fleurons.quebec\\\/en\\\/#\\\/schema\\\/logo\\\/image\\\/\",\"url\":\"https:\\\/\\\/fleurons.cryodragon.pro\\\/wp-content\\\/uploads\\\/2026\\\/02\\\/Fleurons_Logo_Teal-1-scaled.png\",\"contentUrl\":\"https:\\\/\\\/fleurons.cryodragon.pro\\\/wp-content\\\/uploads\\\/2026\\\/02\\\/Fleurons_Logo_Teal-1-scaled.png\",\"width\":2560,\"height\":616,\"caption\":\"Fleurons\"},\"image\":{\"@id\":\"https:\\\/\\\/fleurons.quebec\\\/en\\\/#\\\/schema\\\/logo\\\/image\\\/\"},\"sameAs\":[\"https:\\\/\\\/www.facebook.com\\\/fleuronsC3\",\"https:\\\/\\\/instagram.com\\\/fleurons.qc\"]}]}<\/script>\n<!-- \/ Yoast SEO plugin. -->","yoast_head_json":{"title":"Retailers - Fleurons","robots":{"index":"index","follow":"follow","max-snippet":"max-snippet:-1","max-image-preview":"max-image-preview:large","max-video-preview":"max-video-preview:-1"},"canonical":"https:\/\/fleurons.quebec\/en\/retailers\/","og_locale":"en_US","og_type":"article","og_title":"Retailers - Fleurons","og_description":"Fleurons Retailers Find Fleurons at SQDC Fleurons products are available through the provincial retail network operated by the Soci\u00e9t\u00e9 qu\u00e9b\u00e9coise du cannabis (SQDC). As Quebec\u2019s official cannabis retailer, the SQDC provides consumers with access to a curated selection of high-quality cannabis products across the province. Our collections \u2014 including dried flower, hash, pre-rolls, 510 vape [&hellip;]","og_url":"https:\/\/fleurons.quebec\/en\/retailers\/","og_site_name":"Fleurons","article_publisher":"https:\/\/www.facebook.com\/fleuronsC3","article_modified_time":"2026-03-23T01:37:31+00:00","twitter_card":"summary_large_image","twitter_misc":{"Est. reading time":"1 minute"},"schema":{"@context":"https:\/\/schema.org","@graph":[{"@type":"WebPage","@id":"https:\/\/fleurons.quebec\/en\/retailers\/","url":"https:\/\/fleurons.quebec\/en\/retailers\/","name":"Retailers - Fleurons","isPartOf":{"@id":"https:\/\/fleurons.quebec\/en\/#website"},"datePublished":"2026-03-09T18:14:15+00:00","dateModified":"2026-03-23T01:37:31+00:00","breadcrumb":{"@id":"https:\/\/fleurons.quebec\/en\/retailers\/#breadcrumb"},"inLanguage":"en-US","potentialAction":[{"@type":"ReadAction","target":["https:\/\/fleurons.quebec\/en\/retailers\/"]}]},{"@type":"BreadcrumbList","@id":"https:\/\/fleurons.quebec\/en\/retailers\/#breadcrumb","itemListElement":[{"@type":"ListItem","position":1,"name":"Home","item":"https:\/\/fleurons.quebec\/en\/"},{"@type":"ListItem","position":2,"name":"Retailers"}]},{"@type":"WebSite","@id":"https:\/\/fleurons.quebec\/en\/#website","url":"https:\/\/fleurons.quebec\/en\/","name":"Fleurons","description":"Cultiv&eacute; fi&egrave;rement au Qu&eacute;bec","publisher":{"@id":"https:\/\/fleurons.quebec\/en\/#organization"},"potentialAction":[{"@type":"SearchAction","target":{"@type":"EntryPoint","urlTemplate":"https:\/\/fleurons.quebec\/en\/?s={search_term_string}"},"query-input":{"@type":"PropertyValueSpecification","valueRequired":true,"valueName":"search_term_string"}}],"inLanguage":"en-US"},{"@type":"Organization","@id":"https:\/\/fleurons.quebec\/en\/#organization","name":"Fleurons","url":"https:\/\/fleurons.quebec\/en\/","logo":{"@type":"ImageObject","inLanguage":"en-US","@id":"https:\/\/fleurons.quebec\/en\/#\/schema\/logo\/image\/","url":"https:\/\/fleurons.cryodragon.pro\/wp-content\/uploads\/2026\/02\/Fleurons_Logo_Teal-1-scaled.png","contentUrl":"https:\/\/fleurons.cryodragon.pro\/wp-content\/uploads\/2026\/02\/Fleurons_Logo_Teal-1-scaled.png","width":2560,"height":616,"caption":"Fleurons"},"image":{"@id":"https:\/\/fleurons.quebec\/en\/#\/schema\/logo\/image\/"},"sameAs":["https:\/\/www.facebook.com\/fleuronsC3","https:\/\/instagram.com\/fleurons.qc"]}]}},"_links":{"self":[{"href":"https:\/\/fleurons.quebec\/en\/wp-json\/wp\/v2\/pages\/294","targetHints":{"allow":["GET"]}}],"collection":[{"href":"https:\/\/fleurons.quebec\/en\/wp-json\/wp\/v2\/pages"}],"about":[{"href":"https:\/\/fleurons.quebec\/en\/wp-json\/wp\/v2\/types\/page"}],"author":[{"embeddable":true,"href":"https:\/\/fleurons.quebec\/en\/wp-json\/wp\/v2\/users\/1"}],"replies":[{"embeddable":true,"href":"https:\/\/fleurons.quebec\/en\/wp-json\/wp\/v2\/comments?post=294"}],"version-history":[{"count":16,"href":"https:\/\/fleurons.quebec\/en\/wp-json\/wp\/v2\/pages\/294\/revisions"}],"predecessor-version":[{"id":729,"href":"https:\/\/fleurons.quebec\/en\/wp-json\/wp\/v2\/pages\/294\/revisions\/729"}],"wp:attachment":[{"href":"https:\/\/fleurons.quebec\/en\/wp-json\/wp\/v2\/media?parent=294"}],"curies":[{"name":"wp","href":"https:\/\/api.w.org\/{rel}","templated":true}]}}